{"id":1393,"date":"2020-07-28T15:14:38","date_gmt":"2020-07-28T13:14:38","guid":{"rendered":"https:\/\/www.incidence-sails.com\/?page_id=1393"},"modified":"2024-10-14T12:52:36","modified_gmt":"2024-10-14T10:52:36","slug":"mentions-legales-en","status":"publish","type":"page","link":"https:\/\/www.incidence-sails.com\/en\/mentions-legales-en\/","title":{"rendered":"Mentions l\u00e9gales EN"},"content":{"rendered":"\t\t<div data-elementor-type=\"wp-page\" data-elementor-id=\"1393\" class=\"elementor elementor-1393 elementor-1380\" data-elementor-post-type=\"page\">\n\t\t\t\t\t\t<section class=\"elementor-section elementor-top-section elementor-element elementor-element-df643c2 elementor-section-boxed elementor-section-height-default elementor-section-height-default\" data-id=\"df643c2\" data-element_type=\"section\" data-e-type=\"section\">\n\t\t\t\t\t\t<div class=\"elementor-container elementor-column-gap-default\">\n\t\t\t\t\t<div class=\"elementor-column elementor-col-100 elementor-top-column elementor-element elementor-element-5379fd5\" data-id=\"5379fd5\" data-element_type=\"column\" data-e-type=\"column\">\n\t\t\t<div class=\"elementor-widget-wrap elementor-element-populated\">\n\t\t\t\t\t\t<div class=\"elementor-element elementor-element-14c14b3 elementor-widget elementor-widget-text-editor\" data-id=\"14c14b3\" data-element_type=\"widget\" data-e-type=\"widget\" data-widget_type=\"text-editor.default\">\n\t\t\t\t<div class=\"elementor-widget-container\">\n\t\t\t\t\t\t\t\t\t<h3 class=\"color-orange\">NOTRE SOCI\u00c9TE<\/h3><p>Incidence Sails<br \/>8 rue de la d\u00e9sir\u00e9e<br \/>17000 La Rochelle<br \/>Tel + 33 (0)5 46 41 67 34<br \/>Siret : 431 769 066 00033<br \/>Directeur de publication : Matthias de Christen<\/p><h3 class=\"color-orange\">H\u00c9BERGEMENT DU SITE<\/h3><p>OVH<br \/>2 rue Kellermann<br \/>59100 Roubaix<br \/>France<\/p><h3 class=\"color-orange\">CREDITS PHOTOGRAPHIES ET ILLUSTRATIONS<\/h3><p>Nicolas Claris &#8211; Alexis Courcoux &#8211; Gilles Martin Raget &#8211; Thierry Martinez &#8211; Benoit Stichelbault &#8211; Laurent Vidal<\/p><h3 class=\"color-orange\">PROTECTION DES DONN\u00c9ES PERSONNELLES<\/h3><p>INCIDENCE SAILS s&#8217;engage \u00e0 pr\u00e9server la confidentialit\u00e9 des informations \u00e9ventuellement fournies en ligne par l&#8217;internaute. Toute information personnelle que l&#8217;internaute serait amen\u00e9 \u00e0 transmettre \u00e0 INCIDENCE SAILS pour l&#8217;utilisation de certains services est soumise aux dispositions de la Loi n\u00b0 78-17 Informatique et Libert\u00e9s du 06 janvier 1978. INCIDENCE SAILS fait l&#8217;objet d&#8217;une d\u00e9claration \u00e0 la CNIL.<br \/>A ce titre, l&#8217;internaute dispose d&#8217;un droit d&#8217;acc\u00e8s, de rectification et de suppression des informations personnelles le concernant qu&#8217;il peut exercer \u00e0 tout moment en adressant un courrier \u00e0 notre adresse.<\/p><h3 class=\"color-orange\">DROIT DE PROPRI\u00c9T\u00c9<\/h3><p>Le site ainsi que tout logiciel utilis\u00e9 n\u00e9cessairement en relation avec celui-ci peuvent contenir des informations confidentielles et prot\u00e9g\u00e9es par le droit de la propri\u00e9t\u00e9 intellectuelle en vigueur ou toute autre loi. Ainsi, sauf mention contraire, les droits de propri\u00e9t\u00e9 intellectuelle sur les documents contenus dans le site et chacun des \u00e9l\u00e9ments cr\u00e9\u00e9s pour ce site sont la propri\u00e9t\u00e9 exclusive de INCIDENCE SAILS celle-ci ne conc\u00e9dant aucune licence, ni aucun droit autre que celui de consulter le site. La reproduction de tous documents publi\u00e9s sur le site est seulement autoris\u00e9e aux fins exclusives d&#8217;information pour un usage personnel et priv\u00e9, toute reproduction et toute utilisation de copies r\u00e9alis\u00e9es \u00e0 d&#8217;autres fins \u00e9tant express\u00e9ment interdite. Il est \u00e9galement interdit de copier, modifier, cr\u00e9er une oeuvre d\u00e9riv\u00e9e, inverser la conception ou l&#8217;assemblage ou de toute autre mani\u00e8re tenter de trouver le code source (\u00e0 l&#8217;exception des cas pr\u00e9vus par la loi), vendre, attribuer, sous-licencier ou transf\u00e9rer de quelque mani\u00e8re que ce soit tout droit aff\u00e9rant aux logiciels. De m\u00eame, il est \u00e9galement interdit de modifier le logiciel ou d&#8217;utiliser des versions modifi\u00e9es des logiciels et notamment (sans que cette \u00e9num\u00e9ration soit limitative) en vue d&#8217;obtenir un acc\u00e8s non autoris\u00e9 au service et d&#8217;acc\u00e9der au site par un autre moyen que l&#8217;interface qui vous est fournie par INCIDENCE SAILS \u00e0 cet effet. INCIDENCE SAILS se r\u00e9serve le droit de demander des dommages et int\u00e9r\u00eats en cas de contrefa\u00e7on et plus g\u00e9n\u00e9ralement d&#8217;atteinte \u00e0 ses droits de propri\u00e9t\u00e9 intellectuelle.OVH<\/p>\t\t\t\t\t\t\t\t<\/div>\n\t\t\t\t<\/div>\n\t\t\t\t\t<\/div>\n\t\t<\/div>\n\t\t\t\t\t<\/div>\n\t\t<\/section>\n\t\t\t\t<\/div>\n\t\t","protected":false},"excerpt":{"rendered":"<p>NOTRE SOCI\u00c9TE Incidence Sails8 rue de la d\u00e9sir\u00e9e17000 La RochelleTel + 33 (0)5 46 41 67 34Siret : 431 769 066 00033Directeur de publication : Matthias de Christen H\u00c9BERGEMENT DU SITE OVH2 rue Kellermann59100 RoubaixFrance CREDITS PHOTOGRAPHIES ET ILLUSTRATIONS Nicolas Claris &#8211; Alexis Courcoux &#8211; Gilles Martin Raget &#8211; Thierry Martinez &#8211; Benoit Stichelbault &#8211;&hellip;<\/p>\n","protected":false},"author":1,"featured_media":0,"parent":0,"menu_order":0,"comment_status":"closed","ping_status":"closed","template":"","meta":{"_acf_changed":false,"footnotes":""},"class_list":["post-1393","page","type-page","status-publish","hentry"],"acf":[],"yoast_head":"<!-- This site is optimized with the Yoast SEO plugin v27.4 - https:\/\/yoast.com\/product\/yoast-seo-wordpress\/ -->\n<title>Mentions l\u00e9gales EN - Incidence Sails<\/title>\n<meta name=\"robots\" content=\"index, follow, max-snippet:-1, max-image-preview:large, max-video-preview:-1\" \/>\n<link rel=\"canonical\" href=\"https:\/\/www.incidence-sails.com\/mentions-legales\/\" \/>\n<meta property=\"og:locale\" content=\"en_US\" \/>\n<meta property=\"og:type\" content=\"article\" \/>\n<meta property=\"og:title\" content=\"Mentions l\u00e9gales EN - Incidence Sails\" \/>\n<meta property=\"og:description\" content=\"NOTRE SOCI\u00c9TE Incidence Sails8 rue de la d\u00e9sir\u00e9e17000 La RochelleTel + 33 (0)5 46 41 67 34Siret : 431 769 066 00033Directeur de publication : Matthias de Christen H\u00c9BERGEMENT DU SITE OVH2 rue Kellermann59100 RoubaixFrance CREDITS PHOTOGRAPHIES ET ILLUSTRATIONS Nicolas Claris &#8211; Alexis Courcoux &#8211; Gilles Martin Raget &#8211; Thierry Martinez &#8211; Benoit Stichelbault &#8211;&hellip;\" \/>\n<meta property=\"og:url\" content=\"https:\/\/www.incidence-sails.com\/mentions-legales\/\" \/>\n<meta property=\"og:site_name\" content=\"Incidence Sails\" \/>\n<meta property=\"article:modified_time\" content=\"2024-10-14T10:52:36+00:00\" \/>\n<meta name=\"twitter:card\" content=\"summary_large_image\" \/>\n<meta name=\"twitter:label1\" content=\"Est. reading time\" \/>\n\t<meta name=\"twitter:data1\" content=\"2 minutes\" \/>\n<script type=\"application\/ld+json\" class=\"yoast-schema-graph\">{\"@context\":\"https:\\\/\\\/schema.org\",\"@graph\":[{\"@type\":\"WebPage\",\"@id\":\"https:\\\/\\\/www.incidence-sails.com\\\/mentions-legales\\\/\",\"url\":\"https:\\\/\\\/www.incidence-sails.com\\\/mentions-legales\\\/\",\"name\":\"Mentions l\u00e9gales EN - Incidence Sails\",\"isPartOf\":{\"@id\":\"https:\\\/\\\/www.incidence-sails.com\\\/#website\"},\"datePublished\":\"2020-07-28T13:14:38+00:00\",\"dateModified\":\"2024-10-14T10:52:36+00:00\",\"breadcrumb\":{\"@id\":\"https:\\\/\\\/www.incidence-sails.com\\\/mentions-legales\\\/#breadcrumb\"},\"inLanguage\":\"en-US\",\"potentialAction\":[{\"@type\":\"ReadAction\",\"target\":[\"https:\\\/\\\/www.incidence-sails.com\\\/mentions-legales\\\/\"]}]},{\"@type\":\"BreadcrumbList\",\"@id\":\"https:\\\/\\\/www.incidence-sails.com\\\/mentions-legales\\\/#breadcrumb\",\"itemListElement\":[{\"@type\":\"ListItem\",\"position\":1,\"name\":\"Accueil\",\"item\":\"https:\\\/\\\/www.incidence-sails.com\\\/en\\\/\"},{\"@type\":\"ListItem\",\"position\":2,\"name\":\"Mentions l\u00e9gales EN\"}]},{\"@type\":\"WebSite\",\"@id\":\"https:\\\/\\\/www.incidence-sails.com\\\/#website\",\"url\":\"https:\\\/\\\/www.incidence-sails.com\\\/\",\"name\":\"Incidence Sails\",\"description\":\"\",\"publisher\":{\"@id\":\"https:\\\/\\\/www.incidence-sails.com\\\/#organization\"},\"potentialAction\":[{\"@type\":\"SearchAction\",\"target\":{\"@type\":\"EntryPoint\",\"urlTemplate\":\"https:\\\/\\\/www.incidence-sails.com\\\/?s={search_term_string}\"},\"query-input\":{\"@type\":\"PropertyValueSpecification\",\"valueRequired\":true,\"valueName\":\"search_term_string\"}}],\"inLanguage\":\"en-US\"},{\"@type\":\"Organization\",\"@id\":\"https:\\\/\\\/www.incidence-sails.com\\\/#organization\",\"name\":\"Incidence Sails\",\"url\":\"https:\\\/\\\/www.incidence-sails.com\\\/\",\"logo\":{\"@type\":\"ImageObject\",\"inLanguage\":\"en-US\",\"@id\":\"https:\\\/\\\/www.incidence-sails.com\\\/#\\\/schema\\\/logo\\\/image\\\/\",\"url\":\"https:\\\/\\\/www.incidence-sails.com\\\/wp-content\\\/uploads\\\/2020\\\/07\\\/logo-incide-sails-60.png\",\"contentUrl\":\"https:\\\/\\\/www.incidence-sails.com\\\/wp-content\\\/uploads\\\/2020\\\/07\\\/logo-incide-sails-60.png\",\"width\":190,\"height\":60,\"caption\":\"Incidence Sails\"},\"image\":{\"@id\":\"https:\\\/\\\/www.incidence-sails.com\\\/#\\\/schema\\\/logo\\\/image\\\/\"}}]}<\/script>\n<!-- \/ Yoast SEO plugin. -->","yoast_head_json":{"title":"Mentions l\u00e9gales EN - Incidence Sails","robots":{"index":"index","follow":"follow","max-snippet":"max-snippet:-1","max-image-preview":"max-image-preview:large","max-video-preview":"max-video-preview:-1"},"canonical":"https:\/\/www.incidence-sails.com\/mentions-legales\/","og_locale":"en_US","og_type":"article","og_title":"Mentions l\u00e9gales EN - Incidence Sails","og_description":"NOTRE SOCI\u00c9TE Incidence Sails8 rue de la d\u00e9sir\u00e9e17000 La RochelleTel + 33 (0)5 46 41 67 34Siret : 431 769 066 00033Directeur de publication : Matthias de Christen H\u00c9BERGEMENT DU SITE OVH2 rue Kellermann59100 RoubaixFrance CREDITS PHOTOGRAPHIES ET ILLUSTRATIONS Nicolas Claris &#8211; Alexis Courcoux &#8211; Gilles Martin Raget &#8211; Thierry Martinez &#8211; Benoit Stichelbault &#8211;&hellip;","og_url":"https:\/\/www.incidence-sails.com\/mentions-legales\/","og_site_name":"Incidence Sails","article_modified_time":"2024-10-14T10:52:36+00:00","twitter_card":"summary_large_image","twitter_misc":{"Est. reading time":"2 minutes"},"schema":{"@context":"https:\/\/schema.org","@graph":[{"@type":"WebPage","@id":"https:\/\/www.incidence-sails.com\/mentions-legales\/","url":"https:\/\/www.incidence-sails.com\/mentions-legales\/","name":"Mentions l\u00e9gales EN - Incidence Sails","isPartOf":{"@id":"https:\/\/www.incidence-sails.com\/#website"},"datePublished":"2020-07-28T13:14:38+00:00","dateModified":"2024-10-14T10:52:36+00:00","breadcrumb":{"@id":"https:\/\/www.incidence-sails.com\/mentions-legales\/#breadcrumb"},"inLanguage":"en-US","potentialAction":[{"@type":"ReadAction","target":["https:\/\/www.incidence-sails.com\/mentions-legales\/"]}]},{"@type":"BreadcrumbList","@id":"https:\/\/www.incidence-sails.com\/mentions-legales\/#breadcrumb","itemListElement":[{"@type":"ListItem","position":1,"name":"Accueil","item":"https:\/\/www.incidence-sails.com\/en\/"},{"@type":"ListItem","position":2,"name":"Mentions l\u00e9gales EN"}]},{"@type":"WebSite","@id":"https:\/\/www.incidence-sails.com\/#website","url":"https:\/\/www.incidence-sails.com\/","name":"Incidence Sails","description":"","publisher":{"@id":"https:\/\/www.incidence-sails.com\/#organization"},"potentialAction":[{"@type":"SearchAction","target":{"@type":"EntryPoint","urlTemplate":"https:\/\/www.incidence-sails.com\/?s={search_term_string}"},"query-input":{"@type":"PropertyValueSpecification","valueRequired":true,"valueName":"search_term_string"}}],"inLanguage":"en-US"},{"@type":"Organization","@id":"https:\/\/www.incidence-sails.com\/#organization","name":"Incidence Sails","url":"https:\/\/www.incidence-sails.com\/","logo":{"@type":"ImageObject","inLanguage":"en-US","@id":"https:\/\/www.incidence-sails.com\/#\/schema\/logo\/image\/","url":"https:\/\/www.incidence-sails.com\/wp-content\/uploads\/2020\/07\/logo-incide-sails-60.png","contentUrl":"https:\/\/www.incidence-sails.com\/wp-content\/uploads\/2020\/07\/logo-incide-sails-60.png","width":190,"height":60,"caption":"Incidence Sails"},"image":{"@id":"https:\/\/www.incidence-sails.com\/#\/schema\/logo\/image\/"}}]}},"_links":{"self":[{"href":"https:\/\/www.incidence-sails.com\/en\/wp-json\/wp\/v2\/pages\/1393","targetHints":{"allow":["GET"]}}],"collection":[{"href":"https:\/\/www.incidence-sails.com\/en\/wp-json\/wp\/v2\/pages"}],"about":[{"href":"https:\/\/www.incidence-sails.com\/en\/wp-json\/wp\/v2\/types\/page"}],"author":[{"embeddable":true,"href":"https:\/\/www.incidence-sails.com\/en\/wp-json\/wp\/v2\/users\/1"}],"replies":[{"embeddable":true,"href":"https:\/\/www.incidence-sails.com\/en\/wp-json\/wp\/v2\/comments?post=1393"}],"version-history":[{"count":5,"href":"https:\/\/www.incidence-sails.com\/en\/wp-json\/wp\/v2\/pages\/1393\/revisions"}],"predecessor-version":[{"id":3837,"href":"https:\/\/www.incidence-sails.com\/en\/wp-json\/wp\/v2\/pages\/1393\/revisions\/3837"}],"wp:attachment":[{"href":"https:\/\/www.incidence-sails.com\/en\/wp-json\/wp\/v2\/media?parent=1393"}],"curies":[{"name":"wp","href":"https:\/\/api.w.org\/{rel}","templated":true}]}}